{"id":18,"date":"2022-06-25T12:41:34","date_gmt":"2022-06-25T10:41:34","guid":{"rendered":"https:\/\/englishcharcot6e.blogs.laclasse.com\/?page_id=18"},"modified":"2022-07-06T16:51:08","modified_gmt":"2022-07-06T14:51:08","slug":"unit-1","status":"publish","type":"page","link":"https:\/\/englishcharcot6e.blogs.laclasse.com\/?page_id=18","title":{"rendered":"Unit 1"},"content":{"rendered":"<h1 style=\"text-align: center\"><span style=\"color: #ff0000\"><img decoding=\"async\" class=\"wp-image-260 alignleft\" src=\"https:\/\/englishcharcot6e.blogs.laclasse.com\/wp-content\/uploads\/sites\/4701\/2022\/07\/Logo-Couleur1.jpg\" alt=\"\" width=\"57\" height=\"31\" \/><strong><span style=\"color: #339966\">Who are you?<\/span><\/strong><\/span><\/h1>\n<p>&nbsp;<\/p>\n<h2><span style=\"color: #800080\">Je suis capable de\u00a0<\/span><\/h2>\n<ul>\n<li style=\"text-align: left\"><span style=\"color: #800080\">comprendre l\u2019identit\u00e9 de quelqu\u2019un (son nom, son \u00e2ge&#8230;)<br \/>\n<\/span><\/li>\n<li style=\"text-align: left\"><span style=\"color: #800080\">me pr\u00e9senter et de pr\u00e9senter quelqu&#8217;un (personnalit\u00e9\/ famille) <\/span><\/li>\n<li style=\"text-align: left\"><span style=\"color: #800080\">d\u2019\u00e9peler un mot<\/span><\/li>\n<li><span style=\"color: #800080\">d&#8217;interroger quelqu\u2019un sur son identit\u00e9 et sa famille<\/span><\/li>\n<\/ul>\n<h2><span style=\"color: #800080\">Je connais <\/span><\/h2>\n<ul>\n<li><span style=\"color: #800080\">des pays anglophones et les nationalit\u00e9s<\/span><\/li>\n<li><span style=\"color: #800080\">la diff\u00e9rence entre le Royaume Uni, la Grande Bretagne et l&#8217;Angleterre<\/span><\/li>\n<li><span style=\"color: #800080\">les mois, la m\u00e9t\u00e9o<\/span><\/li>\n<li><span style=\"color: #800080\">l\u2019auxiliaire Be<\/span><\/li>\n<\/ul>\n<p>&nbsp;<\/p>\n<p>&nbsp;<\/p>\n<p>&nbsp;<\/p>\n","protected":false},"excerpt":{"rendered":"<p>Who are you? &nbsp; Je suis capable de\u00a0 comprendre l\u2019identit\u00e9 de quelqu\u2019un (son nom, son \u00e2ge&#8230;) me pr\u00e9senter et de pr\u00e9senter quelqu&#8217;un (personnalit\u00e9\/ famille) d\u2019\u00e9peler un mot d&#8217;interroger quelqu\u2019un sur son identit\u00e9 et sa famille Je connais des pays anglophones et les nationalit\u00e9s la diff\u00e9rence entre le Royaume Uni, la Grande Bretagne et l&#8217;Angleterre les [&hellip;]<\/p>\n","protected":false},"author":1078,"featured_media":0,"parent":0,"menu_order":0,"comment_status":"closed","ping_status":"closed","template":"","meta":{"_bbp_topic_count":0,"_bbp_reply_count":0,"_bbp_total_topic_count":0,"_bbp_total_reply_count":0,"_bbp_voice_count":0,"_bbp_anonymous_reply_count":0,"_bbp_topic_count_hidden":0,"_bbp_reply_count_hidden":0,"_bbp_forum_subforum_count":0,"footnotes":""},"class_list":["post-18","page","type-page","status-publish","hentry"],"_links":{"self":[{"href":"https:\/\/englishcharcot6e.blogs.laclasse.com\/index.php?rest_route=\/wp\/v2\/pages\/18","targetHints":{"allow":["GET"]}}],"collection":[{"href":"https:\/\/englishcharcot6e.blogs.laclasse.com\/index.php?rest_route=\/wp\/v2\/pages"}],"about":[{"href":"https:\/\/englishcharcot6e.blogs.laclasse.com\/index.php?rest_route=\/wp\/v2\/types\/page"}],"author":[{"embeddable":true,"href":"https:\/\/englishcharcot6e.blogs.laclasse.com\/index.php?rest_route=\/wp\/v2\/users\/1078"}],"replies":[{"embeddable":true,"href":"https:\/\/englishcharcot6e.blogs.laclasse.com\/index.php?rest_route=%2Fwp%2Fv2%2Fcomments&post=18"}],"version-history":[{"count":6,"href":"https:\/\/englishcharcot6e.blogs.laclasse.com\/index.php?rest_route=\/wp\/v2\/pages\/18\/revisions"}],"predecessor-version":[{"id":412,"href":"https:\/\/englishcharcot6e.blogs.laclasse.com\/index.php?rest_route=\/wp\/v2\/pages\/18\/revisions\/412"}],"wp:attachment":[{"href":"https:\/\/englishcharcot6e.blogs.laclasse.com\/index.php?rest_route=%2Fwp%2Fv2%2Fmedia&parent=18"}],"curies":[{"name":"wp","href":"https:\/\/api.w.org\/{rel}","templated":true}]}}