{"id":303,"date":"2022-07-05T12:36:38","date_gmt":"2022-07-05T10:36:38","guid":{"rendered":"https:\/\/englishcharcot6e.blogs.laclasse.com\/?page_id=303"},"modified":"2022-07-06T10:12:51","modified_gmt":"2022-07-06T08:12:51","slug":"movies","status":"publish","type":"page","link":"https:\/\/englishcharcot6e.blogs.laclasse.com\/?page_id=303","title":{"rendered":"Movies"},"content":{"rendered":"<p><img decoding=\"async\" class=\"alignnone wp-image-260\" src=\"https:\/\/englishcharcot6e.blogs.laclasse.com\/wp-content\/uploads\/sites\/4701\/2022\/07\/Logo-Couleur1.jpg\" alt=\"\" width=\"93\" height=\"50\" \/><\/p>\n<h1 style=\"text-align: center\"><span style=\"color: #993366\"><strong><img decoding=\"async\" class=\"alignnone wp-image-355\" src=\"https:\/\/englishcharcot6e.blogs.laclasse.com\/wp-content\/uploads\/sites\/4701\/2022\/07\/movie.jpg\" alt=\"\" width=\"36\" height=\"36\" \/><\/strong><\/span><\/h1>\n<h1 style=\"text-align: center\"><span style=\"color: #993366\"><strong>Movies for the whole family<br \/>\n<\/strong><\/span><\/h1>\n<p>&nbsp;<\/p>\n<p style=\"text-align: center\"><strong><span style=\"color: #800080\">Une petite s\u00e9lection de films \u00e0 regarder en famille. Vous pouvez les trouver \u00e0 la biblioth\u00e8que municipale de Lyon (gratuit pour les moins de 18 ans). <\/span><\/strong><\/p>\n<p style=\"text-align: center\"><strong><span style=\"color: #800080\">Regarder des films en V.O. est un excellent exercice pour apprendre l&#8217;anglais.<br \/>\n<\/span><\/strong><\/p>\n<table style=\"height: 21px\" width=\"516\">\n<tbody>\n<tr>\n<td width=\"338\"><\/td>\n<\/tr>\n<\/tbody>\n<\/table>\n<p><strong><span style=\"color: #0000ff\"><span style=\"color: #ff00ff\">Annie<\/span> by <a style=\"color: #0000ff\" href=\"https:\/\/en.wikipedia.org\/wiki\/Will_Gluck\">Will Gluck<\/a> a 2014 <a style=\"color: #0000ff\" href=\"https:\/\/en.wikipedia.org\/wiki\/Musical_film\">musical<\/a><\/span><span style=\"color: #0000ff\"> comedy film<\/span><\/strong><\/p>\n<p><span style=\"color: #3366ff\"><span style=\"color: #ff00ff\"><strong>Brave<\/strong><\/span> <span style=\"color: #0000ff\"><strong>by <a style=\"color: #0000ff\" href=\"https:\/\/en.wikipedia.org\/wiki\/Pixar\">Pixar Animation Studios<\/a> a 2012 American <a style=\"color: #0000ff\" href=\"https:\/\/en.wikipedia.org\/wiki\/Computer-animated\">computer-animated<\/a> <a style=\"color: #0000ff\" href=\"https:\/\/en.wikipedia.org\/wiki\/Fantasy_film\">fantasy film<\/a> (Rebelle)<\/strong><\/span><\/span><\/p>\n<p><strong><span style=\"color: #3366ff\"><span style=\"color: #ff00ff\">The Blues Brothers<\/span> <span style=\"color: #0000ff\">by <a style=\"color: #0000ff\" href=\"https:\/\/en.wikipedia.org\/wiki\/John_Landis\">John Landis<\/a> a 1980 American <a style=\"color: #0000ff\" href=\"https:\/\/en.wikipedia.org\/wiki\/Musical_film\">musical<\/a> <a style=\"color: #0000ff\" href=\"https:\/\/en.wikipedia.org\/wiki\/Comedy_film\">comedy film<\/a><\/span><\/span><\/strong><\/p>\n<p><strong><span style=\"color: #3366ff\"><span style=\"color: #ff00ff\">Charlie and the Chocolate Factory<\/span> <span style=\"color: #0000ff\">by Tim Burton a 2005 <a style=\"color: #0000ff\" href=\"https:\/\/en.wikipedia.org\/wiki\/Musical_film\">musical<\/a> <a style=\"color: #0000ff\" href=\"https:\/\/en.wikipedia.org\/wiki\/Fantasy_film\">fantasy film<\/a> (Charlie et la chocolaterie)<\/span><\/span><\/strong><\/p>\n<p><strong><span style=\"color: #3366ff\"><span style=\"color: #ff00ff\">Dumbo<\/span> <span style=\"color: #0000ff\">by Tim Burton a 2019 American <a style=\"color: #0000ff\" href=\"https:\/\/en.wikipedia.org\/wiki\/Fantasy_film\">fantasy<\/a> <a style=\"color: #0000ff\" href=\"https:\/\/en.wikipedia.org\/wiki\/Adventure_film\">adventure<\/a> (Dumbo)<\/span><\/span><\/strong><\/p>\n<p><span style=\"color: #ff00ff\"><strong>Edward Scissorhands<\/strong><\/span> <strong><span style=\"color: #0000ff\">by Tim Burton 1990 (Edward aux mains d&#8217;argent)<\/span><\/strong><\/p>\n<p><strong><span class=\"lang-en\" lang=\"en\" style=\"color: #0000ff\"><span style=\"color: #ff00ff\">Freedom Writers<\/span> by\u00a0Richard LaGravenese a 2007 American\u00a0drama film\u00a0(\u00c9crire pour exister)<\/span><\/strong><\/p>\n<p><strong><span style=\"color: #0000ff\"><span style=\"color: #ff00ff\">Forrest Gump <\/span>by <a style=\"color: #0000ff\" href=\"https:\/\/en.wikipedia.org\/wiki\/Robert_Zemeckis\">Robert Zemeckis<\/a> a 1994 American <a style=\"color: #0000ff\" href=\"https:\/\/en.wikipedia.org\/wiki\/Magical_realism\">magical realism<\/a> <a style=\"color: #0000ff\" href=\"https:\/\/en.wikipedia.org\/wiki\/Comedy-drama\">comedy-drama<\/a> film directed<\/span><\/strong><\/p>\n<p><strong><span style=\"color: #ff00ff\">The Grinch<\/span><\/strong><span style=\"color: #0000ff\"> <strong>by Scott Mosier a 2018 American\u00a0<a class=\"mw-redirect\" style=\"color: #0000ff\" title=\"Computer-animated\" href=\"https:\/\/en.wikipedia.org\/wiki\/Computer-animated\">computer-animated<\/a>\u00a0<a class=\"mw-redirect\" style=\"color: #0000ff\" title=\"\" href=\"https:\/\/en.wikipedia.org\/wiki\/Christmas_film\">Christmas<\/a>\u00a0<a style=\"color: #0000ff\" title=\"Fantasy film\" href=\"https:\/\/en.wikipedia.org\/wiki\/Fantasy_film\">fantasy<\/a>\u00a0<a style=\"color: #0000ff\" title=\"Comedy film\" href=\"https:\/\/en.wikipedia.org\/wiki\/Comedy_film\">comedy<\/a><\/strong><\/span><\/p>\n<p><strong><span style=\"color: #0000ff\"><span style=\"color: #ff00ff\">Harry Potter and the Philosopher\u2019s Stone<\/span> by Chris Columbus \u00a0a 2001 fantasy film (Harry Potter \u00e0 l\u2019\u00e9cole des sorciers)<\/span><\/strong><\/p>\n<p><strong><span style=\"color: #0000ff\"><span style=\"color: #ff00ff\">Home alone<\/span> by Chris Columbus <\/span><span style=\"color: #0000ff\">a 1990 American\u00a0<\/span><span style=\"color: #0000ff\">Christmas <a style=\"color: #0000ff\" title=\"\" href=\"https:\/\/en.wikipedia.org\/wiki\/Comedy_film\">comedy film (Maman, j&#8217;ai rat\u00e9 l&#8217;avion)<\/a><\/span><\/strong><\/p>\n<p><strong><span style=\"color: #0000ff\"><span style=\"color: #ff00ff\">Matilda <\/span>by Danny DeVito a 1996 <a style=\"color: #0000ff\" href=\"https:\/\/en.wikipedia.org\/wiki\/Children%27s_film\">family<\/a> <a style=\"color: #0000ff\" href=\"https:\/\/en.wikipedia.org\/wiki\/Comedy_film\">comedy<\/a> fantasy film<\/span><\/strong><\/p>\n<p><strong><span style=\"color: #0000ff\"><span style=\"color: #ff00ff\">Mary Poppins<\/span> by <a style=\"color: #0000ff\" href=\"https:\/\/en.wikipedia.org\/wiki\/Robert_Stevenson_(director)\">Robert Stevenson<\/a> a 1964 American <a style=\"color: #0000ff\" href=\"https:\/\/en.wikipedia.org\/wiki\/Musical_film\">musical<\/a> <a style=\"color: #0000ff\" href=\"https:\/\/en.wikipedia.org\/wiki\/Fantasy_film\">fantasy film<\/a> directed<\/span><\/strong><\/p>\n<p><strong><span style=\"color: #0000ff\"><span style=\"color: #ff00ff\">Paddington<\/span> by Paul King a 2014 comedy film<\/span><\/strong><\/p>\n<p><strong><span style=\"color: #0000ff\"><span style=\"color: #ff00ff\">Paddington 2<\/span> by Paul King a 2017 comedy<\/span><\/strong><\/p>\n<p><span style=\"color: #ff00ff\"><strong>The Chronicles of Narnia: The Lion, the Witch and the Wardrobe<\/strong><\/span><br \/>\n<strong><span style=\"color: #0000ff\">by Andrew Adamson a 2005 fantasy film <\/span><\/strong><strong><span style=\"color: #0000ff\">(Le Monde de Narnia : Le Lion, la Sorci\u00e8re blanche et l&#8217;Armoire magique)<\/span><\/strong><\/p>\n<p><strong><span style=\"color: #0000ff\"><span style=\"color: #ff00ff\">The Nightmare before Christmas<\/span> by Henri Selick a 1993 animated fantasy film (L\u2019Etrange No\u00ebl de Mr Jack)<\/span><\/strong><\/p>\n<p><strong><span style=\"color: #0000ff\"><span style=\"color: #ff00ff\">The School of Rock<\/span> by\u00a0Richard Linklater\u00a0\u00a0a 2003\u00a0comedy (Rock Academy)<\/span><\/strong><\/p>\n<p><strong>\u00a0<img decoding=\"async\" class=\"alignnone wp-image-355\" src=\"https:\/\/englishcharcot6e.blogs.laclasse.com\/wp-content\/uploads\/sites\/4701\/2022\/07\/movie.jpg\" alt=\"\" width=\"49\" height=\"49\" \/> <img decoding=\"async\" class=\"alignnone wp-image-355\" src=\"https:\/\/englishcharcot6e.blogs.laclasse.com\/wp-content\/uploads\/sites\/4701\/2022\/07\/movie.jpg\" alt=\"\" width=\"49\" height=\"49\" \/><img decoding=\"async\" class=\"alignnone wp-image-355\" src=\"https:\/\/englishcharcot6e.blogs.laclasse.com\/wp-content\/uploads\/sites\/4701\/2022\/07\/movie.jpg\" alt=\"\" width=\"49\" height=\"49\" \/> <img decoding=\"async\" class=\"alignnone wp-image-355\" src=\"https:\/\/englishcharcot6e.blogs.laclasse.com\/wp-content\/uploads\/sites\/4701\/2022\/07\/movie.jpg\" alt=\"\" width=\"49\" height=\"49\" \/><img decoding=\"async\" class=\"alignnone wp-image-355\" src=\"https:\/\/englishcharcot6e.blogs.laclasse.com\/wp-content\/uploads\/sites\/4701\/2022\/07\/movie.jpg\" alt=\"\" width=\"49\" height=\"49\" \/> <img decoding=\"async\" class=\"alignnone wp-image-355\" src=\"https:\/\/englishcharcot6e.blogs.laclasse.com\/wp-content\/uploads\/sites\/4701\/2022\/07\/movie.jpg\" alt=\"\" width=\"49\" height=\"49\" \/> <img decoding=\"async\" class=\"alignnone wp-image-355\" src=\"https:\/\/englishcharcot6e.blogs.laclasse.com\/wp-content\/uploads\/sites\/4701\/2022\/07\/movie.jpg\" alt=\"\" width=\"49\" height=\"49\" \/> <img decoding=\"async\" class=\"alignnone wp-image-355\" src=\"https:\/\/englishcharcot6e.blogs.laclasse.com\/wp-content\/uploads\/sites\/4701\/2022\/07\/movie.jpg\" alt=\"\" width=\"49\" height=\"49\" \/> <img decoding=\"async\" class=\"alignnone wp-image-355\" src=\"https:\/\/englishcharcot6e.blogs.laclasse.com\/wp-content\/uploads\/sites\/4701\/2022\/07\/movie.jpg\" alt=\"\" width=\"49\" height=\"49\" \/><img decoding=\"async\" class=\"alignnone wp-image-355\" src=\"https:\/\/englishcharcot6e.blogs.laclasse.com\/wp-content\/uploads\/sites\/4701\/2022\/07\/movie.jpg\" alt=\"\" width=\"49\" height=\"49\" \/><img decoding=\"async\" class=\"alignnone wp-image-355\" src=\"https:\/\/englishcharcot6e.blogs.laclasse.com\/wp-content\/uploads\/sites\/4701\/2022\/07\/movie.jpg\" alt=\"\" width=\"49\" height=\"49\" \/><br \/>\n<\/strong><\/p>\n<p>&nbsp;<\/p>\n<p>&nbsp;<\/p>\n","protected":false},"excerpt":{"rendered":"<p>Movies for the whole family &nbsp; Une petite s\u00e9lection de films \u00e0 regarder en famille. Vous pouvez les trouver \u00e0 la biblioth\u00e8que municipale de Lyon (gratuit pour les moins de 18 ans). Regarder des films en V.O. est un excellent exercice pour apprendre l&#8217;anglais. Annie by Will Gluck a 2014 musical comedy film Brave by [&hellip;]<\/p>\n","protected":false},"author":1078,"featured_media":0,"parent":294,"menu_order":2,"comment_status":"closed","ping_status":"closed","template":"","meta":{"_bbp_topic_count":0,"_bbp_reply_count":0,"_bbp_total_topic_count":0,"_bbp_total_reply_count":0,"_bbp_voice_count":0,"_bbp_anonymous_reply_count":0,"_bbp_topic_count_hidden":0,"_bbp_reply_count_hidden":0,"_bbp_forum_subforum_count":0,"footnotes":""},"class_list":["post-303","page","type-page","status-publish","hentry"],"_links":{"self":[{"href":"https:\/\/englishcharcot6e.blogs.laclasse.com\/index.php?rest_route=\/wp\/v2\/pages\/303","targetHints":{"allow":["GET"]}}],"collection":[{"href":"https:\/\/englishcharcot6e.blogs.laclasse.com\/index.php?rest_route=\/wp\/v2\/pages"}],"about":[{"href":"https:\/\/englishcharcot6e.blogs.laclasse.com\/index.php?rest_route=\/wp\/v2\/types\/page"}],"author":[{"embeddable":true,"href":"https:\/\/englishcharcot6e.blogs.laclasse.com\/index.php?rest_route=\/wp\/v2\/users\/1078"}],"replies":[{"embeddable":true,"href":"https:\/\/englishcharcot6e.blogs.laclasse.com\/index.php?rest_route=%2Fwp%2Fv2%2Fcomments&post=303"}],"version-history":[{"count":5,"href":"https:\/\/englishcharcot6e.blogs.laclasse.com\/index.php?rest_route=\/wp\/v2\/pages\/303\/revisions"}],"predecessor-version":[{"id":376,"href":"https:\/\/englishcharcot6e.blogs.laclasse.com\/index.php?rest_route=\/wp\/v2\/pages\/303\/revisions\/376"}],"up":[{"embeddable":true,"href":"https:\/\/englishcharcot6e.blogs.laclasse.com\/index.php?rest_route=\/wp\/v2\/pages\/294"}],"wp:attachment":[{"href":"https:\/\/englishcharcot6e.blogs.laclasse.com\/index.php?rest_route=%2Fwp%2Fv2%2Fmedia&parent=303"}],"curies":[{"name":"wp","href":"https:\/\/api.w.org\/{rel}","templated":true}]}}